{"id":1459,"date":"2026-02-17T19:15:15","date_gmt":"2026-02-17T19:15:15","guid":{"rendered":"https:\/\/invisibleshield.online\/?page_id=1459"},"modified":"2026-02-18T14:51:37","modified_gmt":"2026-02-18T14:51:37","slug":"contact","status":"publish","type":"page","link":"https:\/\/invisibleshield.online\/?page_id=1459","title":{"rendered":"Contact"},"content":{"rendered":"\t\t<div data-elementor-type=\"wp-page\" data-elementor-id=\"1459\" class=\"elementor elementor-1459\">\n\t\t\t\t<div class=\"elementor-element elementor-element-1d67a52 e-flex e-con-boxed e-con e-parent\" data-id=\"1d67a52\" data-element_type=\"container\" data-e-type=\"container\">\n\t\t\t\t\t<div class=\"e-con-inner\">\n\t\t\t\t<div class=\"elementor-element elementor-element-8f6a7ec elementor-widget elementor-widget-spacer\" data-id=\"8f6a7ec\" data-element_type=\"widget\" data-e-type=\"widget\" data-widget_type=\"spacer.default\">\n\t\t\t\t\t\t\t<div class=\"elementor-spacer\">\n\t\t\t<div class=\"elementor-spacer-inner\"><\/div>\n\t\t<\/div>\n\t\t\t\t\t\t<\/div>\n\t\t\t\t\t<\/div>\n\t\t\t\t<\/div>\n\t\t<div class=\"elementor-element elementor-element-78bb2e6 e-flex e-con-boxed e-con e-parent\" data-id=\"78bb2e6\" data-element_type=\"container\" data-e-type=\"container\">\n\t\t\t\t\t<div class=\"e-con-inner\">\n\t\t\t\t<div class=\"elementor-element elementor-element-bf413b9 elementor-widget elementor-widget-heading\" data-id=\"bf413b9\" data-element_type=\"widget\" data-e-type=\"widget\" data-widget_type=\"heading.default\">\n\t\t\t\t\t<h2 class=\"elementor-heading-title elementor-size-default\">Een leven dat je niet kiest, maar dat je moet dragen.\n<\/h2>\t\t\t\t<\/div>\n\t\t\t\t<div class=\"elementor-element elementor-element-160b792 elementor-widget elementor-widget-text-editor\" data-id=\"160b792\" data-element_type=\"widget\" data-e-type=\"widget\" data-widget_type=\"text-editor.default\">\n\t\t\t\t\t\t\t\t\t<p><span style=\"color: #000000;\">Welkom op mijn blog. Mijn veilige plek, mijn uitlaatklep, mijn stem, voor een leven dat van de \u00e9\u00e9n op de andere dag totaal veranderde. Een zeldzame, complexe auto-immuunziekte gooide mijn wereld volledig overhoop. Mijn lichaam voelde ineens niet meer als van mij. Mijn hoofd draaide overuren. Alles wat vanzelfsprekend leek, stond op losse schroeven.<\/span><\/p><p><span style=\"color: #000000;\">Je leest hier geen succesverhalen met happy endings. Je leest hier het \u00e9chte verhaal. Over ziekte. Over chaos. Over machteloosheid. Maar ook over liefde, hoop en veerkracht. Want zelfs als je lichaam je in de steek laat, kan je geest al is het op zijn tandvlees blijven vechten.<\/span><\/p><p><i><span style=\"color: #000000;\">Dankjewel dat je er bent.<\/span><\/i><\/p>\t\t\t\t\t\t\t\t<\/div>\n\t\t\t\t\t<\/div>\n\t\t\t\t<\/div>\n\t\t<div class=\"elementor-element elementor-element-db71d42 e-flex e-con-boxed e-con e-parent\" data-id=\"db71d42\" data-element_type=\"container\" data-e-type=\"container\">\n\t\t\t\t\t<div class=\"e-con-inner\">\n\t\t\t\t<div class=\"elementor-element elementor-element-39f506d elementor-widget elementor-widget-spacer\" data-id=\"39f506d\" data-element_type=\"widget\" data-e-type=\"widget\" data-widget_type=\"spacer.default\">\n\t\t\t\t\t\t\t<div class=\"elementor-spacer\">\n\t\t\t<div class=\"elementor-spacer-inner\"><\/div>\n\t\t<\/div>\n\t\t\t\t\t\t<\/div>\n\t\t\t\t\t<\/div>\n\t\t\t\t<\/div>\n\t\t<div class=\"elementor-element elementor-element-21caaed e-flex e-con-boxed e-con e-parent\" data-id=\"21caaed\" data-element_type=\"container\" data-e-type=\"container\">\n\t\t\t\t\t<div class=\"e-con-inner\">\n\t\t\t\t<div class=\"elementor-element elementor-element-1daa4f3 elementor-widget elementor-widget-heading\" data-id=\"1daa4f3\" data-element_type=\"widget\" data-e-type=\"widget\" data-widget_type=\"heading.default\">\n\t\t\t\t\t<h2 class=\"elementor-heading-title elementor-size-default\">Waarom deze blog?<\/h2>\t\t\t\t<\/div>\n\t\t\t\t<div class=\"elementor-element elementor-element-56330fb elementor-widget elementor-widget-text-editor\" data-id=\"56330fb\" data-element_type=\"widget\" data-e-type=\"widget\" data-widget_type=\"text-editor.default\">\n\t\t\t\t\t\t\t\t\t<p><span style=\"color: #000000;\">Omdat ik niet de enige ben. Omdat veel mensen elke dag moeten leven met een onzichtbaar gevecht of dat nu auto-immuunziekten, kanker of iets anders is. Omdat ik weet hoe het voelt om afhankelijk te zijn van je partner, vrienden, familie. Hoe zwaar dat is. Voor hen, en voor jezelf. Omdat het leven ook dan nog waard is om te leven.<\/span><\/p><p><span style=\"color: #000000;\">Mijn verhaal is er \u00e9\u00e9n van onduidelijke diagnoses, overlappingen tussen ziekten als RA, Sj\u00f6gren en MCTD. Het betekent vallen, opstaan, en weer bijstellen. Want behandelplannen moeten steeds opnieuw bekeken worden, net als je toekomst. En daar wil ik open over zijn. Omdat er nog veel te weinig bekend is over deze aandoeningen, zelfs binnen de medische wereld.<\/span><\/p>\t\t\t\t\t\t\t\t<\/div>\n\t\t\t\t\t<\/div>\n\t\t\t\t<\/div>\n\t\t<div class=\"elementor-element elementor-element-523f642 e-flex e-con-boxed e-con e-parent\" data-id=\"523f642\" data-element_type=\"container\" data-e-type=\"container\">\n\t\t\t\t\t<div class=\"e-con-inner\">\n\t\t\t\t<div class=\"elementor-element elementor-element-3cd26f7 elementor-widget elementor-widget-spacer\" data-id=\"3cd26f7\" data-element_type=\"widget\" data-e-type=\"widget\" data-widget_type=\"spacer.default\">\n\t\t\t\t\t\t\t<div class=\"elementor-spacer\">\n\t\t\t<div class=\"elementor-spacer-inner\"><\/div>\n\t\t<\/div>\n\t\t\t\t\t\t<\/div>\n\t\t\t\t\t<\/div>\n\t\t\t\t<\/div>\n\t\t<div class=\"elementor-element elementor-element-ccfd080 e-flex e-con-boxed e-con e-parent\" data-id=\"ccfd080\" data-element_type=\"container\" data-e-type=\"container\">\n\t\t\t\t\t<div class=\"e-con-inner\">\n\t\t\t\t<div class=\"elementor-element elementor-element-f6cb046 elementor-widget elementor-widget-heading\" data-id=\"f6cb046\" data-element_type=\"widget\" data-e-type=\"widget\" data-widget_type=\"heading.default\">\n\t\t\t\t\t<h2 class=\"elementor-heading-title elementor-size-default\">Wat ik wil meegeven<\/h2>\t\t\t\t<\/div>\n\t\t\t\t<div class=\"elementor-element elementor-element-a4eff0d elementor-widget elementor-widget-text-editor\" data-id=\"a4eff0d\" data-element_type=\"widget\" data-e-type=\"widget\" data-widget_type=\"text-editor.default\">\n\t\t\t\t\t\t\t\t\t<p><span style=\"color: #000000;\"><b>Vraag een second opinion. <\/b>Altijd. Ook als je denkt dat het niet nodig is. Je verdient de best mogelijke zorg als mens, niet alleen als pati\u00ebnt.<\/span><\/p><p><span style=\"color: #000000;\"><b>Verwacht geen perfect plaatje hier.\u00a0<\/b>Het leven is geen Instagram-filter. Er zijn dagen dat het donker is, en dat mag ook.<\/span><\/p><p><span style=\"color: #000000;\"><b>Je bent niet alleen.\u00a0<\/b>Ik wil met deze blog een plek cre\u00ebren waar herkenning, steun en misschien zelfs vriendschap ontstaat. Een virtueel theekransje voor wie zich begrepen wil voelen.<\/span><\/p>\t\t\t\t\t\t\t\t<\/div>\n\t\t\t\t\t<\/div>\n\t\t\t\t<\/div>\n\t\t<div class=\"elementor-element elementor-element-bc840c2 e-flex e-con-boxed e-con e-parent\" data-id=\"bc840c2\" data-element_type=\"container\" data-e-type=\"container\">\n\t\t\t\t\t<div class=\"e-con-inner\">\n\t\t\t\t<div class=\"elementor-element elementor-element-aaabbd2 elementor-widget elementor-widget-spacer\" data-id=\"aaabbd2\" data-element_type=\"widget\" data-e-type=\"widget\" data-widget_type=\"spacer.default\">\n\t\t\t\t\t\t\t<div class=\"elementor-spacer\">\n\t\t\t<div class=\"elementor-spacer-inner\"><\/div>\n\t\t<\/div>\n\t\t\t\t\t\t<\/div>\n\t\t\t\t\t<\/div>\n\t\t\t\t<\/div>\n\t\t<div class=\"elementor-element elementor-element-d0a9386 e-flex e-con-boxed e-con e-parent\" data-id=\"d0a9386\" data-element_type=\"container\" data-e-type=\"container\">\n\t\t\t\t\t<div class=\"e-con-inner\">\n\t\t\t\t<div class=\"elementor-element elementor-element-bfca420 elementor-widget elementor-widget-heading\" data-id=\"bfca420\" data-element_type=\"widget\" data-e-type=\"widget\" data-widget_type=\"heading.default\">\n\t\t\t\t\t<h2 class=\"elementor-heading-title elementor-size-default\">Waarom ik blijf schrijven?<\/h2>\t\t\t\t<\/div>\n\t\t\t\t<div class=\"elementor-element elementor-element-cdbea74 elementor-widget elementor-widget-text-editor\" data-id=\"cdbea74\" data-element_type=\"widget\" data-e-type=\"widget\" data-widget_type=\"text-editor.default\">\n\t\t\t\t\t\t\t\t\t<p><span style=\"color: #000000;\">Omdat ik nog altijd wil leven.\u00a0Omdat ik droom van kinderen.\u00a0Omdat ik hoop op een toekomst.\u00a0Omdat ik oud wil worden.\u00a0En omdat ik geloof dat doorzettingskracht ons verder kan brengen dan we ooit dachten te kunnen.<\/span><\/p><p><span style=\"color: #000000;\"><b>Dus lees mee. Reageer. Deel je verhaal.<\/b><\/span><br \/><span style=\"color: #000000;\"><i>Of blijf gewoon even stil en voel je welkom precies zoals je bent.<\/i><\/span><\/p><p><span style=\"color: #000000;\"><i>Liefs,<\/i><\/span><br \/><span style=\"color: #000000;\">Sophie Margot<\/span><\/p>\t\t\t\t\t\t\t\t<\/div>\n\t\t\t\t\t<\/div>\n\t\t\t\t<\/div>\n\t\t<div class=\"elementor-element elementor-element-3db0416 e-flex e-con-boxed e-con e-parent\" data-id=\"3db0416\" data-element_type=\"container\" data-e-type=\"container\">\n\t\t\t\t\t<div class=\"e-con-inner\">\n\t\t\t\t<div class=\"elementor-element elementor-element-b489f5d elementor-widget elementor-widget-spacer\" data-id=\"b489f5d\" data-element_type=\"widget\" data-e-type=\"widget\" data-widget_type=\"spacer.default\">\n\t\t\t\t\t\t\t<div class=\"elementor-spacer\">\n\t\t\t<div class=\"elementor-spacer-inner\"><\/div>\n\t\t<\/div>\n\t\t\t\t\t\t<\/div>\n\t\t\t\t\t<\/div>\n\t\t\t\t<\/div>\n\t\t<div class=\"elementor-element elementor-element-1fb6083 e-flex e-con-boxed e-con e-parent\" data-id=\"1fb6083\" data-element_type=\"container\" data-e-type=\"container\">\n\t\t\t\t\t<div class=\"e-con-inner\">\n\t\t\t\t<div class=\"elementor-element elementor-element-5b89515 elementor-widget elementor-widget-heading\" data-id=\"5b89515\" data-element_type=\"widget\" data-e-type=\"widget\" data-widget_type=\"heading.default\">\n\t\t\t\t\t<h2 class=\"elementor-heading-title elementor-size-default\">Virtueel Theekransje<\/h2>\t\t\t\t<\/div>\n\t\t\t\t<div class=\"elementor-element elementor-element-aff8aca elementor-widget elementor-widget-text-editor\" data-id=\"aff8aca\" data-element_type=\"widget\" data-e-type=\"widget\" data-widget_type=\"text-editor.default\">\n\t\t\t\t\t\t\t\t\t<div class=\"module-container-custom module-container-root\"><div class=\"text-root text-56873f3b-40d7-4e04-b06b-1ff62a8d7006\"><div><p><span class=\"desktop-font-size-20\"><span style=\"color: #000000;\"><i>Samen zijn we nooit alleen<\/i><\/span><\/span><\/p><\/div><\/div><\/div><div class=\"module-container-custom module-container-root\"><div class=\"text-root text-ccad9b59-4398-40ad-939e-4e26e20b5ac9\"><div><p><span style=\"color: #000000;\">Welkom bij het\u00a0<b>Virtuele Theekransje<\/b>\u00a0een plek waar je gewoon even mag\u00a0<i>zijn<\/i>. Waar je je verhaal kwijt kunt, of dat nou boos, verdrietig, vermoeid, hoopvol of gewoon eerlijk is. Of je nu zelf leeft met een chronische of onzichtbare ziekte, iemand kent die ziek is, of gewoon even een momentje zoekt van herkenning of rust:\u00a0<i>jij bent hier welkom<\/i>. \ud83e\uded6 Hier schenken we geen echte thee (al mag je die natuurlijk thuis erbij zetten \ud83d\ude09), maar wel een luisterend oor, een stukje herkenning en hopelijk ook wat warmte.<\/span><\/p><\/div><\/div><\/div>\t\t\t\t\t\t\t\t<\/div>\n\t\t\t\t\t<\/div>\n\t\t\t\t<\/div>\n\t\t<div class=\"elementor-element elementor-element-3cc0238 e-flex e-con-boxed e-con e-parent\" data-id=\"3cc0238\" data-element_type=\"container\" data-e-type=\"container\">\n\t\t\t\t\t<div class=\"e-con-inner\">\n\t\t\t\t<div class=\"elementor-element elementor-element-633e468 elementor-widget elementor-widget-spacer\" data-id=\"633e468\" data-element_type=\"widget\" data-e-type=\"widget\" data-widget_type=\"spacer.default\">\n\t\t\t\t\t\t\t<div class=\"elementor-spacer\">\n\t\t\t<div class=\"elementor-spacer-inner\"><\/div>\n\t\t<\/div>\n\t\t\t\t\t\t<\/div>\n\t\t\t\t\t<\/div>\n\t\t\t\t<\/div>\n\t\t<div class=\"elementor-element elementor-element-524af79 e-flex e-con-boxed e-con e-parent\" data-id=\"524af79\" data-element_type=\"container\" data-e-type=\"container\">\n\t\t\t\t\t<div class=\"e-con-inner\">\n\t\t<div class=\"elementor-element elementor-element-6a63ff5 e-con-full e-flex e-con e-child\" data-id=\"6a63ff5\" data-element_type=\"container\" data-e-type=\"container\">\n\t\t\t\t<div class=\"elementor-element elementor-element-77fce4c elementor-widget elementor-widget-heading\" data-id=\"77fce4c\" data-element_type=\"widget\" data-e-type=\"widget\" data-widget_type=\"heading.default\">\n\t\t\t\t\t<h2 class=\"elementor-heading-title elementor-size-default\">\ud83d\udcac Deel je verhaal<\/h2>\t\t\t\t<\/div>\n\t\t\t\t<div class=\"elementor-element elementor-element-1f7decd elementor-widget elementor-widget-text-editor\" data-id=\"1f7decd\" data-element_type=\"widget\" data-e-type=\"widget\" data-widget_type=\"text-editor.default\">\n\t\t\t\t\t\t\t\t\t<p><span style=\"color: #000000;\">Er is hier ruimte voor \u00e1lles:<\/span><\/p><ul><li><span style=\"color: #000000;\">Je zorgen<\/span><\/li><li><span style=\"color: #000000;\">Je frustratie<\/span><\/li><li><span style=\"color: #000000;\">Je kleine overwinningen<\/span><\/li><li><span style=\"color: #000000;\">Je vragen<\/span><\/li><li><span style=\"color: #000000;\">Je dankbaarheid of wanhoop<\/span><\/li><li><span style=\"color: #000000;\">Je humor (graag zelfs!)<\/span><\/li><\/ul>\t\t\t\t\t\t\t\t<\/div>\n\t\t\t\t<\/div>\n\t\t<div class=\"elementor-element elementor-element-f67d14e e-con-full e-flex e-con e-child\" data-id=\"f67d14e\" data-element_type=\"container\" data-e-type=\"container\">\n\t\t\t\t<div class=\"elementor-element elementor-element-4fcb20f elementor-widget elementor-widget-heading\" data-id=\"4fcb20f\" data-element_type=\"widget\" data-e-type=\"widget\" data-widget_type=\"heading.default\">\n\t\t\t\t\t<h2 class=\"elementor-heading-title elementor-size-default\">\ud83e\udd1d Waarom dit theekransje?<\/h2>\t\t\t\t<\/div>\n\t\t\t\t<div class=\"elementor-element elementor-element-df1e80f elementor-widget elementor-widget-text-editor\" data-id=\"df1e80f\" data-element_type=\"widget\" data-e-type=\"widget\" data-widget_type=\"text-editor.default\">\n\t\t\t\t\t\t\t\t\t<p><span style=\"color: #000000;\">Omdat ik weet hoe het voelt om ziek te zijn in een wereld die maar door raast. Omdat ik weet hoe zwaar het is om je dagen soms liggend, stil of onzichtbaar te moeten doorbrengen. En omdat ik geloof dat we, juist als het zwaar is, elkaar kunnen vasthouden ook digitaal.<\/span><\/p>\t\t\t\t\t\t\t\t<\/div>\n\t\t\t\t<\/div>\n\t\t<div class=\"elementor-element elementor-element-7929c3b e-con-full e-flex e-con e-child\" data-id=\"7929c3b\" data-element_type=\"container\" data-e-type=\"container\">\n\t\t\t\t<div class=\"elementor-element elementor-element-71bff9a elementor-widget elementor-widget-heading\" data-id=\"71bff9a\" data-element_type=\"widget\" data-e-type=\"widget\" data-widget_type=\"heading.default\">\n\t\t\t\t\t<h2 class=\"elementor-heading-title elementor-size-default\">\ud83d\udca1 Een paar theekransje-regels\n<\/h2>\t\t\t\t<\/div>\n\t\t\t\t<div class=\"elementor-element elementor-element-eb0bcfe elementor-widget elementor-widget-text-editor\" data-id=\"eb0bcfe\" data-element_type=\"widget\" data-e-type=\"widget\" data-widget_type=\"text-editor.default\">\n\t\t\t\t\t\t\t\t\t<ul><li><span style=\"color: #000000;\">We zijn lief voor elkaar. Altijd.<\/span><\/li><li><span style=\"color: #000000;\">Geen oordeel. Geen moeten. Alleen mogen.<\/span><\/li><li><span style=\"color: #000000;\">Wat gedeeld wordt, blijft hier.<\/span><\/li><li><span style=\"color: #000000;\">Je mag stil meelezen. Je mag reageren. Je mag alleen een \u2764\ufe0f achterlaten.<\/span><\/li><\/ul>\t\t\t\t\t\t\t\t<\/div>\n\t\t\t\t<\/div>\n\t\t<div class=\"elementor-element elementor-element-1df77e4 e-con-full e-flex e-con e-child\" data-id=\"1df77e4\" data-element_type=\"container\" data-e-type=\"container\">\n\t\t\t\t<div class=\"elementor-element elementor-element-cbf6df3 elementor-widget elementor-widget-heading\" data-id=\"cbf6df3\" data-element_type=\"widget\" data-e-type=\"widget\" data-widget_type=\"heading.default\">\n\t\t\t\t\t<h2 class=\"elementor-heading-title elementor-size-default\">\ud83c\udf3f Niet Alleen<\/h2>\t\t\t\t<\/div>\n\t\t\t\t<div class=\"elementor-element elementor-element-5dcd506 elementor-widget elementor-widget-text-editor\" data-id=\"5dcd506\" data-element_type=\"widget\" data-e-type=\"widget\" data-widget_type=\"text-editor.default\">\n\t\t\t\t\t\t\t\t\t<p><span style=\"color: #000000;\">Dus zet een kop thee, pak een dekentje, en voel je welkom.<\/span><br \/><span style=\"color: #000000;\">Praat mee, huil mee, lach mee of lees gewoon mee.<\/span><\/p><p><span style=\"color: #000000;\"><b>Want ook als je wereld klein is geworden, hoef je het niet alleen te doen.<\/b><\/span><\/p><p><span style=\"color: #000000;\">Liefs,<\/span><br \/><span style=\"color: #000000;\"><b>Invisible Shield<\/b><\/span><\/p>\t\t\t\t\t\t\t\t<\/div>\n\t\t\t\t<\/div>\n\t\t\t\t\t<\/div>\n\t\t\t\t<\/div>\n\t\t<div class=\"elementor-element elementor-element-ea4b336 e-flex e-con-boxed e-con e-parent\" data-id=\"ea4b336\" data-element_type=\"container\" data-e-type=\"container\">\n\t\t\t\t\t<div class=\"e-con-inner\">\n\t\t\t\t<div class=\"elementor-element elementor-element-1e19032 elementor-widget elementor-widget-spacer\" data-id=\"1e19032\" data-element_type=\"widget\" data-e-type=\"widget\" data-widget_type=\"spacer.default\">\n\t\t\t\t\t\t\t<div class=\"elementor-spacer\">\n\t\t\t<div class=\"elementor-spacer-inner\"><\/div>\n\t\t<\/div>\n\t\t\t\t\t\t<\/div>\n\t\t\t\t\t<\/div>\n\t\t\t\t<\/div>\n\t\t<div class=\"elementor-element elementor-element-4f5a0e9 e-flex e-con-boxed e-con e-parent\" data-id=\"4f5a0e9\" data-element_type=\"container\" data-e-type=\"container\">\n\t\t\t\t\t<div class=\"e-con-inner\">\n\t\t<div class=\"elementor-element elementor-element-6930c8a e-con-full e-flex e-con e-child\" data-id=\"6930c8a\" data-element_type=\"container\" data-e-type=\"container\">\n\t\t\t\t<\/div>\n\t\t<div class=\"elementor-element elementor-element-afe26f3 e-con-full e-flex e-con e-child\" data-id=\"afe26f3\" data-element_type=\"container\" data-e-type=\"container\">\n\t\t\t\t<div class=\"elementor-element elementor-element-e701b81 fluentform-widget-submit-button-custom elementor-widget elementor-widget-fluent-form-widget\" data-id=\"e701b81\" data-element_type=\"widget\" data-e-type=\"widget\" data-widget_type=\"fluent-form-widget.default\">\n\t\t\t\t<div class=\"elementor-widget-container\">\n\t\t\t\t\t\n            <div class=\"fluentform-widget-wrapper fluentform-widget-align-default\">\n\n            \n            <div class='fluentform ff-default fluentform_wrapper_1 ffs_default_wrap'><form data-form_id=\"1\" id=\"fluentform_1\" class=\"frm-fluent-form fluent_form_1 ff-el-form-top ff_form_instance_1_1 ff-form-loading ffs_default\" data-form_instance=\"ff_form_instance_1_1\" method=\"POST\" ><fieldset  style=\"border: none!important;margin: 0!important;padding: 0!important;background-color: transparent!important;box-shadow: none!important;outline: none!important; min-inline-size: 100%;\">\n                    <legend class=\"ff_screen_reader_title\" style=\"display: block; margin: 0!important;padding: 0!important;height: 0!important;text-indent: -999999px;width: 0!important;overflow:hidden;\">Contact Form Demo<\/legend><input type='hidden' name='__fluent_form_embded_post_id' value='1459' \/><input type=\"hidden\" id=\"_fluentform_1_fluentformnonce\" name=\"_fluentform_1_fluentformnonce\" value=\"2a94ab6e4c\" \/><input type=\"hidden\" name=\"_wp_http_referer\" value=\"\/index.php?rest_route=%2Fwp%2Fv2%2Fpages%2F1459\" \/><div data-type=\"name-element\" data-name=\"names\" class=\" ff-field_container ff-name-field-wrapper\" ><div class='ff-t-container'><div class='ff-t-cell '><div class='ff-el-group'><div class=\"ff-el-input--label asterisk-right\"><label for='ff_1_names_first_name_' id='label_ff_1_names_first_name_' >Voornaam<\/label><\/div><div class='ff-el-input--content'><input type=\"text\" name=\"names[first_name]\" id=\"ff_1_names_first_name_\" class=\"ff-el-form-control\" placeholder=\"Voornaam\" aria-invalid=\"false\" aria-required=false><\/div><\/div><\/div><div class='ff-t-cell '><div class='ff-el-group'><div class=\"ff-el-input--label asterisk-right\"><label for='ff_1_names_last_name_' id='label_ff_1_names_last_name_' >Achternaam<\/label><\/div><div class='ff-el-input--content'><input type=\"text\" name=\"names[last_name]\" id=\"ff_1_names_last_name_\" class=\"ff-el-form-control\" placeholder=\"Achternaam\" aria-invalid=\"false\" aria-required=false><\/div><\/div><\/div><\/div><\/div><div class='ff-el-group'><div class=\"ff-el-input--label ff-el-is-required asterisk-right\"><label for='ff_1_email' id='label_ff_1_email' aria-label=\"E-mailadres\">E-mailadres<\/label><\/div><div class='ff-el-input--content'><input type=\"email\" name=\"email\" id=\"ff_1_email\" class=\"ff-el-form-control\" placeholder=\"E-mailadres\" data-name=\"email\"  aria-invalid=\"false\" aria-required=true><\/div><\/div><div class='ff-el-group'><div class=\"ff-el-input--label asterisk-right\"><label for='ff_1_subject' id='label_ff_1_subject' aria-label=\"Onderwerp\">Onderwerp<\/label><\/div><div class='ff-el-input--content'><input type=\"text\" name=\"subject\" class=\"ff-el-form-control\" placeholder=\"Onderwerp\" data-name=\"subject\" id=\"ff_1_subject\"  aria-invalid=\"false\" aria-required=false><\/div><\/div><div class='ff-el-group'><div class=\"ff-el-input--label ff-el-is-required asterisk-right\"><label for='ff_1_message' id='label_ff_1_message' aria-label=\"Je bericht\">Je bericht<\/label><\/div><div class='ff-el-input--content'><textarea aria-required=\"true\" aria-labelledby=\"label_ff_1_message\" name=\"message\" id=\"ff_1_message\" class=\"ff-el-form-control\" placeholder=\"Je bericht\" rows=\"4\" cols=\"2\" data-name=\"message\" ><\/textarea><\/div><\/div><div class='ff-el-group ff-text-left ff_submit_btn_wrapper'><button type=\"submit\" class=\"ff-btn ff-btn-submit ff-btn-md ff_btn_style\"  aria-label=\"Submit Form\">Submit Form<\/button><\/div><\/fieldset><\/form><div id='fluentform_1_errors' class='ff-errors-in-stack ff_form_instance_1_1 ff-form-loading_errors ff_form_instance_1_1_errors'><\/div><\/div>            <script type=\"text\/javascript\">\n                window.fluent_form_ff_form_instance_1_1 = {\"id\":\"1\",\"settings\":{\"layout\":{\"labelPlacement\":\"top\",\"helpMessagePlacement\":\"with_label\",\"errorMessagePlacement\":\"inline\",\"cssClassName\":\"\",\"asteriskPlacement\":\"asterisk-right\"},\"restrictions\":{\"denyEmptySubmission\":{\"enabled\":false}}},\"form_instance\":\"ff_form_instance_1_1\",\"form_id_selector\":\"fluentform_1\",\"rules\":{\"names[first_name]\":{\"required\":{\"value\":false,\"message\":\"This field is required\",\"global\":false,\"global_message\":\"Dit veld is vereist\"}},\"names[middle_name]\":{\"required\":{\"value\":false,\"message\":\"This field is required\",\"global\":false,\"global_message\":\"Dit veld is vereist\"}},\"names[last_name]\":{\"required\":{\"value\":false,\"message\":\"This field is required\",\"global\":false,\"global_message\":\"Dit veld is vereist\"}},\"email\":{\"required\":{\"value\":true,\"message\":\"This field is required\",\"global\":false,\"global_message\":\"Dit veld is vereist\"},\"email\":{\"value\":true,\"message\":\"This field must contain a valid email\",\"global\":false,\"global_message\":\"Dit veld moet een geldig e-mailadres bevatten\"}},\"subject\":{\"required\":{\"value\":false,\"message\":\"This field is required\",\"global\":false,\"global_message\":\"Dit veld is vereist\"}},\"message\":{\"required\":{\"value\":true,\"message\":\"This field is required\",\"global\":false,\"global_message\":\"Dit veld is vereist\"}}},\"debounce_time\":300};\n                            <\/script>\n                        <\/div>\n\n            \t\t\t\t<\/div>\n\t\t\t\t<\/div>\n\t\t\t\t<\/div>\n\t\t<div class=\"elementor-element elementor-element-006ea08 e-con-full e-flex e-con e-child\" data-id=\"006ea08\" data-element_type=\"container\" data-e-type=\"container\">\n\t\t\t\t<\/div>\n\t\t\t\t\t<\/div>\n\t\t\t\t<\/div>\n\t\t<div class=\"elementor-element elementor-element-af51206 e-flex e-con-boxed e-con e-parent\" data-id=\"af51206\" data-element_type=\"container\" data-e-type=\"container\">\n\t\t\t\t\t<div class=\"e-con-inner\">\n\t\t\t\t<div class=\"elementor-element elementor-element-53aa4a2 elementor-widget elementor-widget-spacer\" data-id=\"53aa4a2\" data-element_type=\"widget\" data-e-type=\"widget\" data-widget_type=\"spacer.default\">\n\t\t\t\t\t\t\t<div class=\"elementor-spacer\">\n\t\t\t<div class=\"elementor-spacer-inner\"><\/div>\n\t\t<\/div>\n\t\t\t\t\t\t<\/div>\n\t\t\t\t\t<\/div>\n\t\t\t\t<\/div>\n\t\t\t\t<\/div>\n\t\t","protected":false},"excerpt":{"rendered":"<p>Een leven dat je niet kiest, maar dat je moet dragen. Welkom op mijn blog. Mijn veilige plek, mijn uitlaatklep, mijn stem, voor een leven dat van de \u00e9\u00e9n op de andere dag totaal veranderde. Een zeldzame, complexe auto-immuunziekte gooide mijn wereld volledig overhoop. Mijn lichaam voelde ineens niet meer als van mij. Mijn hoofd [&hellip;]<\/p>\n","protected":false},"author":1,"featured_media":0,"parent":0,"menu_order":0,"comment_status":"closed","ping_status":"closed","template":"elementor-template.php","meta":{"inline_featured_image":false,"footnotes":""},"class_list":["post-1459","page","type-page","status-publish","hentry"],"_links":{"self":[{"href":"https:\/\/invisibleshield.online\/index.php?rest_route=\/wp\/v2\/pages\/1459","targetHints":{"allow":["GET"]}}],"collection":[{"href":"https:\/\/invisibleshield.online\/index.php?rest_route=\/wp\/v2\/pages"}],"about":[{"href":"https:\/\/invisibleshield.online\/index.php?rest_route=\/wp\/v2\/types\/page"}],"author":[{"embeddable":true,"href":"https:\/\/invisibleshield.online\/index.php?rest_route=\/wp\/v2\/users\/1"}],"replies":[{"embeddable":true,"href":"https:\/\/invisibleshield.online\/index.php?rest_route=%2Fwp%2Fv2%2Fcomments&post=1459"}],"version-history":[{"count":13,"href":"https:\/\/invisibleshield.online\/index.php?rest_route=\/wp\/v2\/pages\/1459\/revisions"}],"predecessor-version":[{"id":1610,"href":"https:\/\/invisibleshield.online\/index.php?rest_route=\/wp\/v2\/pages\/1459\/revisions\/1610"}],"wp:attachment":[{"href":"https:\/\/invisibleshield.online\/index.php?rest_route=%2Fwp%2Fv2%2Fmedia&parent=1459"}],"curies":[{"name":"wp","href":"https:\/\/api.w.org\/{rel}","templated":true}]}}