{"id":1427,"date":"2026-02-17T17:23:21","date_gmt":"2026-02-17T17:23:21","guid":{"rendered":"https:\/\/invisibleshield.online\/?page_id=1427"},"modified":"2026-02-18T14:48:55","modified_gmt":"2026-02-18T14:48:55","slug":"sjogren","status":"publish","type":"page","link":"https:\/\/invisibleshield.online\/?page_id=1427","title":{"rendered":"Sj\u00f6gren"},"content":{"rendered":"\t\t<div data-elementor-type=\"wp-page\" data-elementor-id=\"1427\" class=\"elementor elementor-1427\">\n\t\t\t\t<div class=\"elementor-element elementor-element-2e8203b e-flex e-con-boxed e-con e-parent\" data-id=\"2e8203b\" data-element_type=\"container\" data-e-type=\"container\">\n\t\t\t\t\t<div class=\"e-con-inner\">\n\t\t<div class=\"elementor-element elementor-element-2c6599c e-con-full e-flex e-con e-child\" data-id=\"2c6599c\" data-element_type=\"container\" data-e-type=\"container\">\n\t\t\t\t<div class=\"elementor-element elementor-element-aafccf5 elementor-widget elementor-widget-heading\" data-id=\"aafccf5\" data-element_type=\"widget\" data-e-type=\"widget\" data-widget_type=\"heading.default\">\n\t\t\t\t\t<h2 class=\"elementor-heading-title elementor-size-default\">Syndroom van Sj\u00f6gren<\/h2>\t\t\t\t<\/div>\n\t\t\t\t<\/div>\n\t\t<div class=\"elementor-element elementor-element-dec1c83 e-con-full e-flex e-con e-child\" data-id=\"dec1c83\" data-element_type=\"container\" data-e-type=\"container\">\n\t\t\t\t<div class=\"elementor-element elementor-element-e0534da elementor-widget elementor-widget-text-editor\" data-id=\"e0534da\" data-element_type=\"widget\" data-e-type=\"widget\" data-widget_type=\"text-editor.default\">\n\t\t\t\t\t\t\t\t\t<span style=\"color: #000000;\">Het syndroom van Sj\u00f6gren is een auto-immuunziekte, wat betekent dat je afweersysteem per ongeluk lichaamseigen weefsel aanvalt. <\/span>\n\n<span style=\"color: #000000;\">Sicca is een medische term die letterlijk \u201cdroog\u201d betekent en meestal wordt gebruikt in de context van Sicca-syndroom, ofwel het droge-syndroom. Het komt vaak voor bij auto-immuunziekten zoals MCTD (Mixed Connective Tissue Disease) en het Sj\u00f6gren syndroom.<\/span>\n\n<span style=\"color: #000000;\">De symptomen concentreren zich vaak in het gezicht, omdat daar veel exocriene klieren zitten klieren die vocht afscheiden:<\/span>\n<ul>\n \t<li>Ogen (droge ogen) door ontsteking van de traanklieren ontstaat droge, branderige, jeukende ogen. Kan leiden tot wazig zicht, lichtgevoeligheid en oogontstekingen.<\/li>\n \t<li>Mond (droge mond) de speekselklieren (vooral bij de oren = glandula parotis) raken aangedaan. Dit leidt tot een droge mond, slikproblemen, heesheid, verhoogde kans op tandbederf en infecties.<\/li>\n \t<li>Zwelling van speekselklieren (vooral parotis). Zwellingen bij de kaaklijn of onder de oren zijn kenmerkend. Deze kunnen pijnlijk of doof aanvoelen en wisselen in grootte.<\/li>\n \t<li>Neurologische klachten in gezicht\/oorstreek. Door ontstekingen in en rond zenuwen kunnen doofheid, tintelingen of gevoelloosheid optreden in delen van het gezicht.<\/li>\n<\/ul>\t\t\t\t\t\t\t\t<\/div>\n\t\t\t\t<\/div>\n\t\t\t\t\t<\/div>\n\t\t\t\t<\/div>\n\t\t<div class=\"elementor-element elementor-element-087af8f e-flex e-con-boxed e-con e-parent\" data-id=\"087af8f\" data-element_type=\"container\" data-e-type=\"container\">\n\t\t\t\t\t<div class=\"e-con-inner\">\n\t\t\t\t<div class=\"elementor-element elementor-element-03c1570 elementor-widget elementor-widget-spacer\" data-id=\"03c1570\" data-element_type=\"widget\" data-e-type=\"widget\" data-widget_type=\"spacer.default\">\n\t\t\t\t\t\t\t<div class=\"elementor-spacer\">\n\t\t\t<div class=\"elementor-spacer-inner\"><\/div>\n\t\t<\/div>\n\t\t\t\t\t\t<\/div>\n\t\t\t\t\t<\/div>\n\t\t\t\t<\/div>\n\t\t<div class=\"elementor-element elementor-element-c160163 e-flex e-con-boxed e-con e-parent\" data-id=\"c160163\" data-element_type=\"container\" data-e-type=\"container\">\n\t\t\t\t\t<div class=\"e-con-inner\">\n\t\t<div class=\"elementor-element elementor-element-09bac82 e-con-full e-flex e-con e-child\" data-id=\"09bac82\" data-element_type=\"container\" data-e-type=\"container\">\n\t\t\t\t<div class=\"elementor-element elementor-element-fb4882d elementor-widget elementor-widget-heading\" data-id=\"fb4882d\" data-element_type=\"widget\" data-e-type=\"widget\" data-widget_type=\"heading.default\">\n\t\t\t\t\t<h2 class=\"elementor-heading-title elementor-size-default\">Hoe ontstaat Sj\u00f6gren?<\/h2>\t\t\t\t<\/div>\n\t\t\t\t<div class=\"elementor-element elementor-element-90a0b0b elementor-widget elementor-widget-text-editor\" data-id=\"90a0b0b\" data-element_type=\"widget\" data-e-type=\"widget\" data-widget_type=\"text-editor.default\">\n\t\t\t\t\t\t\t\t\t<span style=\"color: #000000;\">De precieze oorzaak is nog niet volledig bekend, maar er zijn meerdere factoren die kunnen bijdragen aan het ontstaan:<\/span>\n\n<span style=\"color: #000000;\"><strong>1.\u00a0Auto-immuunreactie<\/strong><\/span>\n\n<span style=\"color: #000000;\">Het afweersysteem raakt ontregeld en gaat gezonde cellen aanvallen, vooral in klieren die vocht produceren.<\/span>\n\n<span style=\"color: #000000;\"><strong>2.\u00a0Genetische aanleg<\/strong><\/span>\n\n<span style=\"color: #000000;\">Hoewel het niet direct erfelijk is, komt Sj\u00f6gren soms meer voor binnen families waarin ook andere auto-immuunziekten voorkomen (zoals lupus, reuma of schildklierproblemen).<\/span>\n\n<span style=\"color: #000000;\"><strong>3.\u00a0Omgevingsfactoren<\/strong><\/span>\n\n<span style=\"color: #000000;\">Virussen, stress of hormonale schommelingen zouden een rol kunnen spelen als \u2018trigger\u2019 bij mensen die daar gevoelig voor zijn.<\/span>\t\t\t\t\t\t\t\t<\/div>\n\t\t\t\t<\/div>\n\t\t\t\t\t<\/div>\n\t\t\t\t<\/div>\n\t\t<div class=\"elementor-element elementor-element-7cb7810 e-flex e-con-boxed e-con e-parent\" data-id=\"7cb7810\" data-element_type=\"container\" data-e-type=\"container\">\n\t\t\t\t\t<div class=\"e-con-inner\">\n\t\t\t\t<div class=\"elementor-element elementor-element-2ee16d7 elementor-widget elementor-widget-spacer\" data-id=\"2ee16d7\" data-element_type=\"widget\" data-e-type=\"widget\" data-widget_type=\"spacer.default\">\n\t\t\t\t\t\t\t<div class=\"elementor-spacer\">\n\t\t\t<div class=\"elementor-spacer-inner\"><\/div>\n\t\t<\/div>\n\t\t\t\t\t\t<\/div>\n\t\t\t\t\t<\/div>\n\t\t\t\t<\/div>\n\t\t<div class=\"elementor-element elementor-element-64e2366 e-flex e-con-boxed e-con e-parent\" data-id=\"64e2366\" data-element_type=\"container\" data-e-type=\"container\">\n\t\t\t\t\t<div class=\"e-con-inner\">\n\t\t<div class=\"elementor-element elementor-element-b4fb149 e-con-full e-flex e-con e-child\" data-id=\"b4fb149\" data-element_type=\"container\" data-e-type=\"container\">\n\t\t\t\t<div class=\"elementor-element elementor-element-4ecfc0e elementor-widget elementor-widget-heading\" data-id=\"4ecfc0e\" data-element_type=\"widget\" data-e-type=\"widget\" data-widget_type=\"heading.default\">\n\t\t\t\t\t<h2 class=\"elementor-heading-title elementor-size-default\">Symptomen van Sj\u00f6gren<\/h2>\t\t\t\t<\/div>\n\t\t\t\t<div class=\"elementor-element elementor-element-f5d11a9 elementor-widget elementor-widget-text-editor\" data-id=\"f5d11a9\" data-element_type=\"widget\" data-e-type=\"widget\" data-widget_type=\"text-editor.default\">\n\t\t\t\t\t\t\t\t\t<ul>\n \t<li><span style=\"color: #000000;\">Droge, branderige ogen<\/span><\/li>\n \t<li><span style=\"color: #000000;\">Droge mond, slikproblemen, keelpijn<\/span><\/li>\n \t<li><span style=\"color: #000000;\">Minder speeksel &amp; tranen<\/span><\/li>\n \t<li><span style=\"color: #000000;\">Tandbederf &amp; mondinfecties<\/span><\/li>\n \t<li><span style=\"color: #000000;\">Gewrichtspijn, spierpijn<\/span><\/li>\n \t<li><span style=\"color: #000000;\">Ernstige vermoeidheid<\/span><\/li>\n \t<li><span style=\"color: #000000;\">Zwelling bij kaak\/oor, gehoorverlies of drukgevoel<\/span><\/li>\n \t<li><span style=\"color: #000000;\">Neurologische klachten (tintelingen, doof gevoel, soms concentratieproblemen)<\/span><\/li>\n \t<li><span style=\"color: #000000;\">In ernstige gevallen: problemen met longen, nieren of zenuwen<\/span><\/li>\n<\/ul>\t\t\t\t\t\t\t\t<\/div>\n\t\t\t\t<\/div>\n\t\t<div class=\"elementor-element elementor-element-326e5c0 e-con-full e-flex e-con e-child\" data-id=\"326e5c0\" data-element_type=\"container\" data-e-type=\"container\">\n\t\t\t\t<div class=\"elementor-element elementor-element-56c0bd0 elementor-widget elementor-widget-heading\" data-id=\"56c0bd0\" data-element_type=\"widget\" data-e-type=\"widget\" data-widget_type=\"heading.default\">\n\t\t\t\t\t<h2 class=\"elementor-heading-title elementor-size-default\">Is Sj\u00f6gren erfelijk?<\/h2>\t\t\t\t<\/div>\n\t\t\t\t<div class=\"elementor-element elementor-element-83dad45 elementor-widget elementor-widget-text-editor\" data-id=\"83dad45\" data-element_type=\"widget\" data-e-type=\"widget\" data-widget_type=\"text-editor.default\">\n\t\t\t\t\t\t\t\t\t<span style=\"color: #000000;\"><strong>Niet direct erfelijk<\/strong>, maar er is wel een\u00a0<strong>genetische gevoeligheid<\/strong>:<\/span>\n\n<span style=\"color: #000000;\">Als iemand in je familie een auto-immuunziekte heeft, is de kans iets groter dat je er ook \u00e9\u00e9n ontwikkelt (dat hoeft niet per se Sj\u00f6gren te zijn).<\/span>\t\t\t\t\t\t\t\t<\/div>\n\t\t\t\t<\/div>\n\t\t<div class=\"elementor-element elementor-element-ac68049 e-con-full e-flex e-con e-child\" data-id=\"ac68049\" data-element_type=\"container\" data-e-type=\"container\">\n\t\t\t\t<div class=\"elementor-element elementor-element-889a4a6 elementor-widget elementor-widget-heading\" data-id=\"889a4a6\" data-element_type=\"widget\" data-e-type=\"widget\" data-widget_type=\"heading.default\">\n\t\t\t\t\t<h2 class=\"elementor-heading-title elementor-size-default\">Waarom alert zijn?<\/h2>\t\t\t\t<\/div>\n\t\t\t\t<div class=\"elementor-element elementor-element-a52af12 elementor-widget elementor-widget-text-editor\" data-id=\"a52af12\" data-element_type=\"widget\" data-e-type=\"widget\" data-widget_type=\"text-editor.default\">\n\t\t\t\t\t\t\t\t\t<span style=\"color: #000000;\">Omdat Sj\u00f6gren systemisch is, kan het m\u00e9\u00e9r dan alleen droogte veroorzaken. Vooral bij mensen met\u00a0<strong>overlap met andere auto-immuunziekten<\/strong>\u00a0(zoals MCTD of RA) kunnen klachten ernstiger zijn en zich uitbreiden.<\/span>\t\t\t\t\t\t\t\t<\/div>\n\t\t\t\t<\/div>\n\t\t\t\t\t<\/div>\n\t\t\t\t<\/div>\n\t\t<div class=\"elementor-element elementor-element-6c892aa e-flex e-con-boxed e-con e-parent\" data-id=\"6c892aa\" data-element_type=\"container\" data-e-type=\"container\">\n\t\t\t\t\t<div class=\"e-con-inner\">\n\t\t\t\t<div class=\"elementor-element elementor-element-24db380 elementor-widget elementor-widget-spacer\" data-id=\"24db380\" data-element_type=\"widget\" data-e-type=\"widget\" data-widget_type=\"spacer.default\">\n\t\t\t\t\t\t\t<div class=\"elementor-spacer\">\n\t\t\t<div class=\"elementor-spacer-inner\"><\/div>\n\t\t<\/div>\n\t\t\t\t\t\t<\/div>\n\t\t\t\t\t<\/div>\n\t\t\t\t<\/div>\n\t\t<div class=\"elementor-element elementor-element-8b8ba65 e-flex e-con-boxed e-con e-parent\" data-id=\"8b8ba65\" data-element_type=\"container\" data-e-type=\"container\">\n\t\t\t\t\t<div class=\"e-con-inner\">\n\t\t<div class=\"elementor-element elementor-element-63d42d7 e-con-full e-flex e-con e-child\" data-id=\"63d42d7\" data-element_type=\"container\" data-e-type=\"container\">\n\t\t\t\t<div class=\"elementor-element elementor-element-c70c68a elementor-widget elementor-widget-heading\" data-id=\"c70c68a\" data-element_type=\"widget\" data-e-type=\"widget\" data-widget_type=\"heading.default\">\n\t\t\t\t\t<h2 class=\"elementor-heading-title elementor-size-default\">Gaat Sj\u00f6gren over?<\/h2>\t\t\t\t<\/div>\n\t\t\t\t<\/div>\n\t\t<div class=\"elementor-element elementor-element-87c134b e-con-full e-flex e-con e-child\" data-id=\"87c134b\" data-element_type=\"container\" data-e-type=\"container\">\n\t\t\t\t<div class=\"elementor-element elementor-element-3183c95 elementor-widget elementor-widget-text-editor\" data-id=\"3183c95\" data-element_type=\"widget\" data-e-type=\"widget\" data-widget_type=\"text-editor.default\">\n\t\t\t\t\t\t\t\t\t<span style=\"color: #000000;\">Nee, Sj\u00f6gren\u00a0<strong>gaat niet vanzelf over<\/strong>. Bij Sj\u00f6gren is er meestal sprake van chronische ontsteking. Medicatie zoals prednison en immunosuppressiva (zoals CellCept) proberen dit te onderdrukken, maar het effect op deze specifieke zwelling kan soms onvoldoende of traag optreden.<\/span>\n\n<span style=\"color: #000000;\">Het weer (vochtigheid, drukveranderingen) kan ook extra invloed hebben op het gevoel van druk en zwelling in het gezicht. Het is een\u00a0<strong>chronische aandoening<\/strong>, maar met goede behandeling kun je vaak wel:<\/span>\n<ol>\n \t<li><span style=\"color: #000000;\"><strong>De symptomen onderdrukken<\/strong><\/span><\/li>\n \t<li><span style=\"color: #000000;\"><strong>Schade beperken<\/strong><\/span><\/li>\n \t<li><span style=\"color: #000000;\"><strong>Kwaliteit van leven verbeteren<\/strong><\/span><\/li>\n<\/ol>\n<span style=\"color: #000000;\"><strong>Behandelopties om de klachten te verlichten:<\/strong><\/span>\n<span style=\"color: #000000;\">Kunsttranen en mondbevochtigers bij droogte<\/span>\n<span style=\"color: #000000;\">Immuunonderdrukkende medicijnen (zoals hydroxychloroquine, prednison, methotrexaat of Cellcept)<\/span>\n<span style=\"color: #000000;\">Preventieve mondzorg om schade te voorkomen<\/span>\n<span style=\"color: #000000;\">Rust en energiemanagement bij vermoeidheid<\/span>\t\t\t\t\t\t\t\t<\/div>\n\t\t\t\t<\/div>\n\t\t\t\t\t<\/div>\n\t\t\t\t<\/div>\n\t\t<div class=\"elementor-element elementor-element-98c1539 e-flex e-con-boxed e-con e-parent\" data-id=\"98c1539\" data-element_type=\"container\" data-e-type=\"container\">\n\t\t\t\t\t<div class=\"e-con-inner\">\n\t\t\t\t<div class=\"elementor-element elementor-element-e5c1387 elementor-widget elementor-widget-spacer\" data-id=\"e5c1387\" data-element_type=\"widget\" data-e-type=\"widget\" data-widget_type=\"spacer.default\">\n\t\t\t\t\t\t\t<div class=\"elementor-spacer\">\n\t\t\t<div class=\"elementor-spacer-inner\"><\/div>\n\t\t<\/div>\n\t\t\t\t\t\t<\/div>\n\t\t\t\t\t<\/div>\n\t\t\t\t<\/div>\n\t\t\t\t<\/div>\n\t\t","protected":false},"excerpt":{"rendered":"<p>Syndroom van Sj\u00f6gren Het syndroom van Sj\u00f6gren is een auto-immuunziekte, wat betekent dat je afweersysteem per ongeluk lichaamseigen weefsel aanvalt. Sicca is een medische term die letterlijk \u201cdroog\u201d betekent en meestal wordt gebruikt in de context van Sicca-syndroom, ofwel het droge-syndroom. Het komt vaak voor bij auto-immuunziekten zoals MCTD (Mixed Connective Tissue Disease) en het [&hellip;]<\/p>\n","protected":false},"author":1,"featured_media":0,"parent":0,"menu_order":0,"comment_status":"closed","ping_status":"closed","template":"elementor-template.php","meta":{"inline_featured_image":false,"footnotes":""},"class_list":["post-1427","page","type-page","status-publish","hentry"],"_links":{"self":[{"href":"https:\/\/invisibleshield.online\/index.php?rest_route=\/wp\/v2\/pages\/1427","targetHints":{"allow":["GET"]}}],"collection":[{"href":"https:\/\/invisibleshield.online\/index.php?rest_route=\/wp\/v2\/pages"}],"about":[{"href":"https:\/\/invisibleshield.online\/index.php?rest_route=\/wp\/v2\/types\/page"}],"author":[{"embeddable":true,"href":"https:\/\/invisibleshield.online\/index.php?rest_route=\/wp\/v2\/users\/1"}],"replies":[{"embeddable":true,"href":"https:\/\/invisibleshield.online\/index.php?rest_route=%2Fwp%2Fv2%2Fcomments&post=1427"}],"version-history":[{"count":10,"href":"https:\/\/invisibleshield.online\/index.php?rest_route=\/wp\/v2\/pages\/1427\/revisions"}],"predecessor-version":[{"id":1442,"href":"https:\/\/invisibleshield.online\/index.php?rest_route=\/wp\/v2\/pages\/1427\/revisions\/1442"}],"wp:attachment":[{"href":"https:\/\/invisibleshield.online\/index.php?rest_route=%2Fwp%2Fv2%2Fmedia&parent=1427"}],"curies":[{"name":"wp","href":"https:\/\/api.w.org\/{rel}","templated":true}]}}